{"id":259,"date":"2023-02-05T13:30:02","date_gmt":"2023-02-05T12:30:02","guid":{"rendered":"https:\/\/www.docad.de\/?page_id=259"},"modified":"2023-02-05T13:51:04","modified_gmt":"2023-02-05T12:51:04","slug":"impressum","status":"publish","type":"page","link":"https:\/\/www.docad.de\/?page_id=259","title":{"rendered":"Impressum"},"content":{"rendered":"<div  data-label=\"AGB\" data-id=\"stripped-features-image-cards-section\" data-category=\"overlapable\" data-=\"\" class=\"features-image-cards-section stripped-features-image-cards-section\" data-overlap=\"true\" id=\"agb\" style=\"background-color: rgb(227, 227, 227); background-image: none;\" data-ovid=\"ovid-overlapable-3-706\"> <div  class=\"gridContainer\"> <div  class=\"features-image-cards-innerrow flexbox-list\" data-type=\"row\"> <div  class=\"features-image-cards-cardcol cp6cols-tablet cp12cols\"> <div  class=\"features-image-cards-cardrow\"> <div  class=\"features-image-cards-cardtextrow\" data-type=\"column\">  <h2  class=\"\">Impressum<\/h2><p  class=\"\"><span  style=\"font-weight: 500;\">Verantwortlich f\u00fcr die Inhalte auf dieser Website:<\/span><br >\nDOCAD_Design | Ralf B\u00f6ke<br >\nAm Dyck 22a | 47179 Duisburg<br >\nFon: +49 203 728 72 12<br >\nMobil: +49 172 216 96 91<br >\ninfo@docad.de\n<br ><br >\n<span  style=\"font-weight: 500;\">Umsatzsteuer-Identifikationsnummer:<\/span><br >\nDE120655504<br >\n\n<br ><span  style=\"font-weight: 500;\">Haftungshinweis:<\/span><br >\nTrotz sorgf\u00e4ltiger inhaltlicher Kontrolle \u00fcbernehmen wir keine Haftung f\u00fcr die Inhalte externer Links. F\u00fcr den Inhalt der verlinkten Seiten sind ausschlie\u00dflich deren Betreiber verantwortlich.<br >\n\n<br ><span  style=\"font-weight: 500;\">Datenschutzerkl\u00e4rung:<\/span><br >\nWir respektieren die Privatsph\u00e4re unserer Besucher und verarbeiten personenbezogene Daten ausschlie\u00dflich im Rahmen der geltenden datenschutzrechtlichen Bestimmungen. Weitere Informationen zu unserer Datenschutzerkl\u00e4rung finden Sie [hier oder geben Sie den Link zur Datenschutzerkl\u00e4rung an].<br >\n\n<br ><span  style=\"font-weight: 500;\">Urheberrechtshinweis:<\/span><br >\nDie auf dieser Website ver\u00f6ffentlichten Inhalte und Werke sind urheberrechtlich gesch\u00fctzt. Jede Art der Verwertung au\u00dferhalb der engen Grenzen des Urheberrechts bedarf der vorherigen schriftlichen Zustimmung des jeweiligen Autors oder Erstellers. Dies gilt insbesondere f\u00fcr Vervielf\u00e4ltigung, Bearbeitung, \u00dcbersetzung, Einspeicherung, Verarbeitung bzw. Wiedergabe von Inhalten in Datenbanken oder anderen elektronischen Medien und Systemen.<br >\nInhalte und Beitr\u00e4ge Dritter sind als solche gekennzeichnet. Die unerlaubte Vervielf\u00e4ltigung oder Weitergabe einzelner Inhalte oder kompletter Seiten ist nicht gestattet und strafbar. Lediglich die Herstellung von Kopien und Downloads f\u00fcr den privaten, nicht kommerziellen Gebrauch ist erlaubt.<br >\nDie Darstellung dieser Website in fremden Frames ist nur mit schriftlicher Erlaubnis zul\u00e4ssig.<\/p> <hr  class=\"features-image-cards-separator\"> <\/div> <\/div> <\/div>   <\/div> <\/div><\/div>","protected":false},"excerpt":{"rendered":"<p>ImpressumVerantwortlich f\u00fcr die Inhalte auf dieser Website: DOCAD_Design | Ralf B\u00f6ke Am Dyck 22a | 47179 Duisburg Fon: +49 203 728 72 12 Mobil: +49 172 216 96 91 info@docad.de Umsatzsteuer-Identifikationsnummer: DE120655504 Haftungshinweis: Trotz sorgf\u00e4ltiger inhaltlicher Kontrolle \u00fcbernehmen wir keine Haftung f\u00fcr die Inhalte externer Links. F\u00fcr den Inhalt der verlinkten Seiten sind ausschlie\u00dflich deren&hellip; <br \/> <a class=\"button small blue\" href=\"https:\/\/www.docad.de\/?p=1\">Weiterlesen<\/a><\/p>\n","protected":false},"author":1,"featured_media":0,"parent":194,"menu_order":0,"comment_status":"closed","ping_status":"closed","template":"","meta":{"footnotes":""},"class_list":["post-259","page","type-page","status-publish","hentry"],"_links":{"self":[{"href":"https:\/\/www.docad.de\/index.php?rest_route=\/wp\/v2\/pages\/259","targetHints":{"allow":["GET"]}}],"collection":[{"href":"https:\/\/www.docad.de\/index.php?rest_route=\/wp\/v2\/pages"}],"about":[{"href":"https:\/\/www.docad.de\/index.php?rest_route=\/wp\/v2\/types\/page"}],"author":[{"embeddable":true,"href":"https:\/\/www.docad.de\/index.php?rest_route=\/wp\/v2\/users\/1"}],"replies":[{"embeddable":true,"href":"https:\/\/www.docad.de\/index.php?rest_route=%2Fwp%2Fv2%2Fcomments&post=259"}],"version-history":[{"count":5,"href":"https:\/\/www.docad.de\/index.php?rest_route=\/wp\/v2\/pages\/259\/revisions"}],"predecessor-version":[{"id":268,"href":"https:\/\/www.docad.de\/index.php?rest_route=\/wp\/v2\/pages\/259\/revisions\/268"}],"up":[{"embeddable":true,"href":"https:\/\/www.docad.de\/index.php?rest_route=\/wp\/v2\/pages\/194"}],"wp:attachment":[{"href":"https:\/\/www.docad.de\/index.php?rest_route=%2Fwp%2Fv2%2Fmedia&parent=259"}],"curies":[{"name":"wp","href":"https:\/\/api.w.org\/{rel}","templated":true}]}}